{"id":254,"date":"2023-02-24T22:14:08","date_gmt":"2023-02-24T21:14:08","guid":{"rendered":"https:\/\/eliaswe.wordpress.com\/?page_id=254"},"modified":"2024-03-04T21:36:16","modified_gmt":"2024-03-04T21:36:16","slug":"jugendforderwand","status":"publish","type":"page","link":"http:\/\/svgosheim.de\/SVG-wp\/jugendforderwand\/","title":{"rendered":"Jugendf\u00f6rderwand"},"content":{"rendered":"\n<p class=\"has-small-font-size\"><strong>Jugendf\u00f6rderwand des SVG Gosheim.<\/strong><\/p>\n\n\n\n<p class=\"has-small-font-size\">Eine gute und erfolgreiche Jugendarbeit sichert die sportliche Zukunft unseres Fu\u00dfballvereins! Aus diesem Grund haben wir ein Jugendkonzept auf die Beine gestellt, in dem die Grundpfeiler unserer Jugendarbeit festgelegt sind. Wichtige Punkte darin sind beispielsweise altersgerechtes Training der einzelnen Jahrgangsstufen oder die Fort- bzw. Weiterbildung der Jugendtrainer.<br><strong>Nun unsere Bitte an Sie:<\/strong><br><strong>Helfen Sie mit, unsere Jugendarbeit noch besser zu machen!<\/strong><br>Werden Sie Sponsor auf unserer neuen Jugend-F\u00f6rderwand und unterst\u00fctzen sie finanziell die Jugendarbeit des SVG! Ihre F\u00f6rderung und unsere Arbeit sollen die Rahmenbedingungen f\u00fcr eine optimale Ausbildung unserer Jugendspieler schaffen. Unser Ziel sollte es sein, weiterhin im Jugendbereich in h\u00f6herklassigen Ligen zu spielen und talentierte Jugendliche aus Gosheim und Umgebung f\u00fcr unseren Fu\u00dfball zu begeistern und dauerhaft beim SVG zu halten. Weitere Informationen und alle Details finden Sie auf der R\u00fcckseite dieses Blattes. Sollte der Sportverein Gosheim auch Sie im Kreis der Jugendf\u00f6rderer begr\u00fc\u00dfen d\u00fcrfen, w\u00fcrden wir uns sehr freuen.<\/p>\n\n\n\n<p class=\"has-small-font-size\"><strong>Die PDF Datei ist unter Downloads bereitgestellt.\u00a0<\/strong><a href=\"https:\/\/svgosheim.de\/SVG-wp\/jugendfoerderwand.pdf\">Hier ist der Link dazu<\/a>.<\/p>\n\n\n\n<figure class=\"wp-block-image aligncenter size-large\"><img loading=\"lazy\" decoding=\"async\" width=\"1024\" height=\"768\" src=\"http:\/\/svgosheim.de\/SVG-wp\/wp-content\/uploads\/2023\/02\/jugendfoerderwand.jpg?w=1024\" alt=\"\" class=\"wp-image-256\" srcset=\"http:\/\/svgosheim.de\/SVG-wp\/wp-content\/uploads\/2023\/02\/jugendfoerderwand.jpg 1024w, http:\/\/svgosheim.de\/SVG-wp\/wp-content\/uploads\/2023\/02\/jugendfoerderwand-300x225.jpg 300w, http:\/\/svgosheim.de\/SVG-wp\/wp-content\/uploads\/2023\/02\/jugendfoerderwand-768x576.jpg 768w\" sizes=\"auto, (max-width: 1024px) 100vw, 1024px\" \/><\/figure>\n","protected":false},"excerpt":{"rendered":"<p>Jugendf\u00f6rderwand des SVG Gosheim. Eine gute und erfolgreiche Jugendarbeit sichert die sportliche Zukunft unseres Fu\u00dfballvereins! Aus diesem Grund haben wir ein Jugendkonzept auf die Beine gestellt, in dem die Grundpfeiler unserer Jugendarbeit festgelegt sind. Wichtige Punkte darin sind beispielsweise altersgerechtes Training der einzelnen Jahrgangsstufen oder die Fort- bzw. Weiterbildung der Jugendtrainer.Nun unsere Bitte an Sie:Helfen [&hellip;]<\/p>\n","protected":false},"author":1,"featured_media":0,"parent":0,"menu_order":0,"comment_status":"closed","ping_status":"closed","template":"","meta":{"footnotes":""},"class_list":["post-254","page","type-page","status-publish","hentry"],"_links":{"self":[{"href":"http:\/\/svgosheim.de\/SVG-wp\/wp-json\/wp\/v2\/pages\/254","targetHints":{"allow":["GET"]}}],"collection":[{"href":"http:\/\/svgosheim.de\/SVG-wp\/wp-json\/wp\/v2\/pages"}],"about":[{"href":"http:\/\/svgosheim.de\/SVG-wp\/wp-json\/wp\/v2\/types\/page"}],"author":[{"embeddable":true,"href":"http:\/\/svgosheim.de\/SVG-wp\/wp-json\/wp\/v2\/users\/1"}],"replies":[{"embeddable":true,"href":"http:\/\/svgosheim.de\/SVG-wp\/wp-json\/wp\/v2\/comments?post=254"}],"version-history":[{"count":1,"href":"http:\/\/svgosheim.de\/SVG-wp\/wp-json\/wp\/v2\/pages\/254\/revisions"}],"predecessor-version":[{"id":661,"href":"http:\/\/svgosheim.de\/SVG-wp\/wp-json\/wp\/v2\/pages\/254\/revisions\/661"}],"wp:attachment":[{"href":"http:\/\/svgosheim.de\/SVG-wp\/wp-json\/wp\/v2\/media?parent=254"}],"curies":[{"name":"wp","href":"https:\/\/api.w.org\/{rel}","templated":true}]}}