{"id":106,"date":"2023-02-24T18:48:18","date_gmt":"2023-02-24T17:48:18","guid":{"rendered":"https:\/\/eliaswe.wordpress.com\/?page_id=106"},"modified":"2023-07-03T20:54:52","modified_gmt":"2023-07-03T20:54:52","slug":"spielberichte","status":"publish","type":"page","link":"https:\/\/svgosheim.de\/SVG-wp\/spielberichte\/","title":{"rendered":"Spielberichte"},"content":{"rendered":"<ul class=\"wp-block-latest-posts__list wp-block-latest-posts has-small-font-size\"><li><a class=\"wp-block-latest-posts__post-title\" href=\"https:\/\/svgosheim.de\/SVG-wp\/spielberichte-aktive\/spielbericht-vom-19-11-2022-2\/\">SGW I Spielbericht vom 19.11.2022<\/a><div class=\"wp-block-latest-posts__post-excerpt\">Spielbericht vom 19.11.2022SGW I \u2013 VfL M\u00fchlheim II 2:3 Im letzten Hinrundenspiel der Saison war der VfL M\u00fchlheim zu Gast auf unserem Sportgel\u00e4nde. In den ersten Spielminuten erspielten sich die G\u00e4ste viele R\u00e4ume und gingen bereits nach sechs Minuten mit 0:1 in F\u00fchrung. Danach erwachten unsere Jungs und konnten nach dem Ansto\u00df einenEckball nutzen, der nur knapp auf der Linie gekl\u00e4rt werden konnte. Knapp zehn Minuten sp\u00e4terschlug Luis Klaiber einen gut platzieren Eckball in den 5-Meterraum und Etienne Wenzler k\u00f6pftezum 1:1 ein. Die ausgeglichene Phase des Spiels nutzten wiederum die G\u00e4ste und konnten nochvor der Halbzeitpause erneut mit 1:2 in\u2026\u00a0<a class=\"wp-block-latest-posts__read-more\" href=\"https:\/\/svgosheim.de\/SVG-wp\/spielberichte-aktive\/spielbericht-vom-19-11-2022-2\/\" rel=\"noopener noreferrer\"><span class=\"screen-reader-text\">SGW I Spielbericht vom 19.11.2022 <\/span>weiterlesen<\/a><\/div><\/li>\n<li><a class=\"wp-block-latest-posts__post-title\" href=\"https:\/\/svgosheim.de\/SVG-wp\/spielberichte-aktive\/spielbericht-vom-19-11-2022\/\">SGW II Spielbericht vom 19.11.2022<\/a><div class=\"wp-block-latest-posts__post-excerpt\">Spielbericht vom 19.11.2022SGW II \u2013 FSV Denkingen II 1:0 SGW II gewinnt Derby gegen Denkingen verdient mit 1:0 Bei winterlichen Temperaturen \u00fcbernahm unsere SGM auf dem heimischen Kunstrasen von Anfang an die Spielkontrolle. Die ersten Angriffe konnten allerdings nicht erfolgreich abgeschlossen werden. In der 10. Spielminute sah Marco Lehr, dass der gegnerische Torh\u00fcter&nbsp;zu weit vor seinem Tor stand und \u00fcberwand diesen sehenswert mit einem gezielten Lupfer zum verdienten 1:0. In der Folge wurden weitere Torchancen ausgelassen, um die F\u00fchrung bereits vor der Pause in die H\u00f6he zu schrauben, sodass es mit dem 1:0 in die Kabinen ging. Nach dem Seitenwechsel\u2026\u00a0<a class=\"wp-block-latest-posts__read-more\" href=\"https:\/\/svgosheim.de\/SVG-wp\/spielberichte-aktive\/spielbericht-vom-19-11-2022\/\" rel=\"noopener noreferrer\"><span class=\"screen-reader-text\">SGW II Spielbericht vom 19.11.2022 <\/span>weiterlesen<\/a><\/div><\/li>\n<li><a class=\"wp-block-latest-posts__post-title\" href=\"https:\/\/svgosheim.de\/SVG-wp\/spielberichte-aktive\/spielbericht-vom-13-11-2022-2\/\">SGW I Spielbericht vom 13.11.2022<\/a><div class=\"wp-block-latest-posts__post-excerpt\">Spielbericht vom 13.11.2022SV B\u00f6ttingen \u2013 SGW I 1:1 Nach den drei Siegen in Folge war die SGW I zu Gast beim jetzigen Tabellennachbarn vom SV B\u00f6ttingen. Die Zuschauer sahen zu Beginn ein ausgeglichenes Spiel mit gleichm\u00e4\u00dfigen Chancen auf beiden Seite. Allerdings waren es die Gastgeber, die in der 13. Minute durch einen Kopfballtreffer nach Freisto\u00df mit 1:0 in F\u00fchrung gingen, die n\u00e4chste gute M\u00f6glichkeit zum F\u00fchrungsausbau allerdings nicht nutzen konnten. Kurz vor der Halbzeitpause war es Basiru Leigh, der nach einem abgewehrten Freisto\u00df schnell reagierte und den Ball zum 1:1 ins Tor einschob. In der zweiten H\u00e4lfte waren unsere Jungs\u2026\u00a0<a class=\"wp-block-latest-posts__read-more\" href=\"https:\/\/svgosheim.de\/SVG-wp\/spielberichte-aktive\/spielbericht-vom-13-11-2022-2\/\" rel=\"noopener noreferrer\"><span class=\"screen-reader-text\">SGW I Spielbericht vom 13.11.2022 <\/span>weiterlesen<\/a><\/div><\/li>\n<li><a class=\"wp-block-latest-posts__post-title\" href=\"https:\/\/svgosheim.de\/SVG-wp\/spielberichte-aktive\/spielbericht-vom-13-11-2022\/\">SGW II Spielbericht vom 13.11.2022<\/a><div class=\"wp-block-latest-posts__post-excerpt\">Spielbericht vom 13.11.2022SGM Irndorf \/ B\u00e4renthal \u2013 SGW II 2:1 Die SGW II konnte bei der SGM Irndorf die kurzzeitige F\u00fchrung, nach dem Treffer von David Hussal, nicht \u00fcber die Zeit bringen und musste sich am Ende mit 2:1 geschlagen geben. Kai Hermle, Tom Hussal (85. Etienne L\u00fcdke), Lukas Gehring, Robin Neumann, Dorian Domachowski(70. Hao-Thein Tran), Marco Lehr, David Hussal (62. Lulian Veliu), Lars Bauer, Manuel Peuse, David Klemm, Simon Narr, Robin Zisterer, Klinton Aliu, Philipp K\u00f6chling<\/div><\/li>\n<li><a class=\"wp-block-latest-posts__post-title\" href=\"https:\/\/svgosheim.de\/SVG-wp\/spielberichte-aktive\/spielbericht-vom-06-11-2022-2\/\">SGW I Spielbericht vom 06.11.2022<\/a><div class=\"wp-block-latest-posts__post-excerpt\">Spielbericht vom 06.11.2022SGW I \u2013 SV Egesheim 1:0 Derbytime hie\u00df es am 15. Spieltag bei der SGW I, an welchem man den SV Egesheim zu Gast hatte. Das Ziel die Siegesserie auszubauen und die n\u00e4chsten wichtigen Punkte zu holen, war klar, was man von Beginn an sah. Die SGW startete spielbestimmend, selbstbewusst und mit viel Zug zum Tor ins Spiel und der Wille war bei jedem Einzelnen zu erkennen. Dies wurde dann in der 29. Spielminute, nach mehreren guten Chancen, belohnt und Luis Klaiber konnte die SGW durch einen pr\u00e4zisen Flachschuss mit 1:0 in F\u00fchrung bringen. Bis zur Halbzeitpause hatten\u2026\u00a0<a class=\"wp-block-latest-posts__read-more\" href=\"https:\/\/svgosheim.de\/SVG-wp\/spielberichte-aktive\/spielbericht-vom-06-11-2022-2\/\" rel=\"noopener noreferrer\"><span class=\"screen-reader-text\">SGW I Spielbericht vom 06.11.2022 <\/span>weiterlesen<\/a><\/div><\/li>\n<li><a class=\"wp-block-latest-posts__post-title\" href=\"https:\/\/svgosheim.de\/SVG-wp\/spielberichte-aktive\/spielbericht-vom-06-11-2022\/\">SGW II Spielbericht vom 06.11.2022<\/a><div class=\"wp-block-latest-posts__post-excerpt\">Spielbericht vom 06.11.2022SGW II \u2013 FC Reichenbach 1:2 Am 10. Spieltag hatte unsere SGW II den FC Reichenbach zum Derby zu Gast. Das Spiel ging rasant los, bereits nach 4 Minuten mussten unsere Jungs den Treffer zum 0:1 hinnehmen und nur knappe 15 Minuten sp\u00e4ter wurde Lulian Veliu, der allein auf das gegnerische Tor zu lief, kurz vor dem 16 Meterraum vom Gegner durch ein Foul gestoppt. Der Schiedsrichter entschied auf rote Karte und Freisto\u00df, welchen Lukas Peter, direkt und sehr pr\u00e4zise ins rechte obere Eck zum 1:1 verwandeln konnte. Dies gab der SGW Aufschwung und es wurde viel Druck\u2026\u00a0<a class=\"wp-block-latest-posts__read-more\" href=\"https:\/\/svgosheim.de\/SVG-wp\/spielberichte-aktive\/spielbericht-vom-06-11-2022\/\" rel=\"noopener noreferrer\"><span class=\"screen-reader-text\">SGW II Spielbericht vom 06.11.2022 <\/span>weiterlesen<\/a><\/div><\/li>\n<li><a class=\"wp-block-latest-posts__post-title\" href=\"https:\/\/svgosheim.de\/SVG-wp\/spielberichte-aktive\/spielbericht-vom-16-10-2022\/\">SGW II Spielbericht vom 16.10.2022<\/a><div class=\"wp-block-latest-posts__post-excerpt\">Spielbericht vom 16.10.2022SGW II \u2013 SpVgg Aldingen 4:3 Am 7. Spieltag hatte die SGW II bei sommerlichem Herbstwetter den Tabellennachbarn der SpVgg Aldingen zu Gast. Die Jungs kamen gut ins Spiel und Valer-Nicolae Santa konnte die SGW bereits nach 10 Minuten mit dem 1:0 F\u00fchrungstreffer jubeln lassen. Danach bekamen die G\u00e4ste einen Aufschwung, trafen in der 28. Spielminute zum 1:1 Ausgleich und konnten zwei Minuten vor der Halbzeitpause das 1:2 erzielen. Die SGW kam gut aus der Pause und Gianluca Palumbo konnte nur wenige Minuten nach Wiederanpfiff den 2:2 Ausgleich erzielen. Eine weitere Gro\u00dfchance, bei der, der Schiedsrichter entschied, dass\u2026\u00a0<a class=\"wp-block-latest-posts__read-more\" href=\"https:\/\/svgosheim.de\/SVG-wp\/spielberichte-aktive\/spielbericht-vom-16-10-2022\/\" rel=\"noopener noreferrer\"><span class=\"screen-reader-text\">SGW II Spielbericht vom 16.10.2022 <\/span>weiterlesen<\/a><\/div><\/li>\n<li><a class=\"wp-block-latest-posts__post-title\" href=\"https:\/\/svgosheim.de\/SVG-wp\/spielberichte-aktive\/spielbericht-vom-09-10-2022-2\/\">SGW I Spielbericht vom 09.10.2022<\/a><div class=\"wp-block-latest-posts__post-excerpt\">Spielbericht vom 09.10.2022SGM Frittlingen \/ Wilflingen I \u2013 SGW I 3:0 Am 11. Spieltag traf unsere SGW I auf den direkten Tabellennachbarn SGM Frittlingen \/ Wilflingen I, wo man sich endlich mal wieder einen Sieg erhoffte. Das Spiel begann allerdings alles andere als hoffnungsvoll, denn erneut startete die SGW bereits nach sechs Minuten mit einem Gegentor ins Spiel. Der fr\u00fche R\u00fcckstand bereitete einen sehr schweren Start wodurch unsere Jungs nicht richtig ins Spiel kamen und keine zwingenden Torchancen erspielen konnten. In der zweiten H\u00e4lfte war ebenfalls der Gastgeber die spielbestimmende Mannschaft und erh\u00f6hte in der 57. Spielminute auf 2:0. Danach\u2026\u00a0<a class=\"wp-block-latest-posts__read-more\" href=\"https:\/\/svgosheim.de\/SVG-wp\/spielberichte-aktive\/spielbericht-vom-09-10-2022-2\/\" rel=\"noopener noreferrer\"><span class=\"screen-reader-text\">SGW I Spielbericht vom 09.10.2022 <\/span>weiterlesen<\/a><\/div><\/li>\n<li><a class=\"wp-block-latest-posts__post-title\" href=\"https:\/\/svgosheim.de\/SVG-wp\/spielberichte-aktive\/spielbericht-vom-09-10-2022\/\">SGW II Spielbericht vom 09.10.2022<\/a><div class=\"wp-block-latest-posts__post-excerpt\">Spielbericht vom 09.10.2022SGM Frittlingen \/ Wilflingen II \u2013 SGW II 2:2 Punkteteilung hie\u00df es beim ersten Spiel des Doppelspieltages in Wilflingen. Die SGW ging fr\u00fch in der 8. Minute durch Marco Lehr in F\u00fchrung und brachte diese gut \u00fcber die Zeit in der ersten H\u00e4lfte. Dem Ausgleichstreffer folgte nur wenige Minuten sp\u00e4ter der erneute F\u00fchrungstreffer f\u00fcr unsere Jungs, den Lulian Veliu erzielen konnte. In der 74. Spielminute konnten die Gastgeber dann den 2:2 Endstand erzielen und unsere Jungs einen Punkt mit nach Hause nehmen. Jens Capellmann, Silas H\u00e4ring, Fabian Vogel, Lukas Gehring, Robin Neumann, Hao-Thien Tran, Lars Bauer, Jan Gehring,\u2026\u00a0<a class=\"wp-block-latest-posts__read-more\" href=\"https:\/\/svgosheim.de\/SVG-wp\/spielberichte-aktive\/spielbericht-vom-09-10-2022\/\" rel=\"noopener noreferrer\"><span class=\"screen-reader-text\">SGW II Spielbericht vom 09.10.2022 <\/span>weiterlesen<\/a><\/div><\/li>\n<\/ul>","protected":false},"excerpt":{"rendered":"","protected":false},"author":1,"featured_media":0,"parent":0,"menu_order":0,"comment_status":"closed","ping_status":"closed","template":"","meta":{"footnotes":""},"class_list":["post-106","page","type-page","status-publish","hentry"],"_links":{"self":[{"href":"https:\/\/svgosheim.de\/SVG-wp\/wp-json\/wp\/v2\/pages\/106","targetHints":{"allow":["GET"]}}],"collection":[{"href":"https:\/\/svgosheim.de\/SVG-wp\/wp-json\/wp\/v2\/pages"}],"about":[{"href":"https:\/\/svgosheim.de\/SVG-wp\/wp-json\/wp\/v2\/types\/page"}],"author":[{"embeddable":true,"href":"https:\/\/svgosheim.de\/SVG-wp\/wp-json\/wp\/v2\/users\/1"}],"replies":[{"embeddable":true,"href":"https:\/\/svgosheim.de\/SVG-wp\/wp-json\/wp\/v2\/comments?post=106"}],"version-history":[{"count":2,"href":"https:\/\/svgosheim.de\/SVG-wp\/wp-json\/wp\/v2\/pages\/106\/revisions"}],"predecessor-version":[{"id":556,"href":"https:\/\/svgosheim.de\/SVG-wp\/wp-json\/wp\/v2\/pages\/106\/revisions\/556"}],"wp:attachment":[{"href":"https:\/\/svgosheim.de\/SVG-wp\/wp-json\/wp\/v2\/media?parent=106"}],"curies":[{"name":"wp","href":"https:\/\/api.w.org\/{rel}","templated":true}]}}