{"id":610,"date":"2023-11-21T20:59:04","date_gmt":"2023-11-21T20:59:04","guid":{"rendered":"http:\/\/svgosheim.de\/SVG-wp\/?page_id=610"},"modified":"2026-04-13T20:51:08","modified_gmt":"2026-04-13T20:51:08","slug":"aktuelles","status":"publish","type":"page","link":"https:\/\/svgosheim.de\/SVG-wp\/","title":{"rendered":"Aktuelles"},"content":{"rendered":"\n<h3 class=\"wp-block-heading\">Vorschau<\/h3>\n\n\n\n<h3 class=\"wp-block-heading\"><strong>Donnerstag, 16. April 2026<\/strong><\/h3>\n\n\n\n<p><strong>18:15 Uhr \u2013 Herren, Kreisliga A<\/strong><br>SGM Heinstetten\/Hartheim\/Unterdigisheim \u2013 SGM Gosheim\/Wehingen<\/p>\n\n\n\n<p><strong>Freitag, 17. April 2026<\/strong><br><strong>17:30 Uhr \u2013 E-Junioren, Kreisstaffel<\/strong><br>SGM Zimmern III \u2013 SGM Gosheim\/Wehingen II<br><strong>18:30 Uhr \u2013 E-Junioren, Kreisstaffel<\/strong><br>SGM Durchhausen\/Baar \u2013 SGM Gosheim\/Wehingen<\/p>\n\n\n\n<p><strong>Samstag, 18. April 2026<\/strong><br><strong>12:00 Uhr \u2013 D-Junioren, Kreisstaffel<\/strong><br>SGM Villingendorf\/Herrenzimmern II \u2013 SGM Gosheim\/Wehingen II<\/p>\n\n\n\n<p><strong>14:45 Uhr \u2013 C-Junioren, Kreisleistungsstaffel<\/strong><br>SGM Gosheim\/Wehingen \u2013 SGM Bubsheim\/Heuberg<\/p>\n\n\n\n<p><strong>14:45 Uhr \u2013 D-Junioren, Kreisleistungsstaffel<\/strong><br>SGM Heinstetten \u2013 SGM Gosheim\/Wehingen<\/p>\n\n\n\n<p><strong>16:30 Uhr \u2013 A-Junioren, Regionenstaffel<\/strong><br>SGM Frittlingen \u2013 SGM Gosheim\/Wehingen<\/p>\n\n\n\n<p><strong>Sonntag, 19. April 2026<\/strong><br><strong>11:00 Uhr \u2013 B-Junioren, Kreisstaffel<\/strong><br>SGM Gosheim\/Wehingen \u2013 SGM Aldingen<\/p>\n\n\n\n<p><strong>13:30 Uhr \u2013 Herren, Kreisliga B<\/strong><br>SGM Gosheim\/Wehingen II \u2013 SV Wurmlingen II<\/p>\n\n\n\n<h3 class=\"wp-block-heading\">Fu\u00dfballcamp beim SV Gosheim<\/h3>\n\n\n\n<p>Vom 04.09 &#8211; 06.09. hei\u00dft es drei Tage voller Fu\u00dfball mit der Fussballschule Anpfiff&nbsp; f\u00fcr alle fu\u00dfballbegeisterten Kinder zwischen 6 &#8211; 14 Jahren \u26bd\ufe0f &nbsp;<\/p>\n\n\n\n<p>Meldet euch schnell an, bevor die Teilnehmerzahl erreicht ist.&nbsp;<\/p>\n\n\n\n<p>Bei Fragen meldet euch gerne bei uns \u270c\ufe0f<\/p>\n\n\n\n<div data-wp-interactive=\"core\/file\" class=\"wp-block-file\"><object data-wp-bind--hidden=\"!state.hasPdfPreview\" hidden class=\"wp-block-file__embed\" data=\"https:\/\/svgosheim.de\/SVG-wp\/wp-content\/uploads\/2026\/01\/Anpfiff-Flyer-2026.pdf\" type=\"application\/pdf\" style=\"width:100%;height:600px\" aria-label=\"Einbettung von Fu\u00dfballschule Anpfiff Flyer 2026.\"><\/object><a id=\"wp-block-file--media-c29ac75f-ca3a-4c18-ba78-cac74aac54ba\" href=\"https:\/\/svgosheim.de\/SVG-wp\/wp-content\/uploads\/2026\/01\/Anpfiff-Flyer-2026.pdf\">Fu\u00dfballschule Anpfiff Flyer 2026<\/a><a href=\"https:\/\/svgosheim.de\/SVG-wp\/wp-content\/uploads\/2026\/01\/Anpfiff-Flyer-2026.pdf\" class=\"wp-block-file__button wp-element-button\" download aria-describedby=\"wp-block-file--media-c29ac75f-ca3a-4c18-ba78-cac74aac54ba\">Herunterladen<\/a><\/div>\n","protected":false},"excerpt":{"rendered":"<p>Vorschau Donnerstag, 16. April 2026 18:15 Uhr \u2013 Herren, Kreisliga ASGM Heinstetten\/Hartheim\/Unterdigisheim \u2013 SGM Gosheim\/Wehingen Freitag, 17. April 202617:30 Uhr \u2013 E-Junioren, KreisstaffelSGM Zimmern III \u2013 SGM Gosheim\/Wehingen II18:30 Uhr \u2013 E-Junioren, KreisstaffelSGM Durchhausen\/Baar \u2013 SGM Gosheim\/Wehingen Samstag, 18. April 202612:00 Uhr \u2013 D-Junioren, KreisstaffelSGM Villingendorf\/Herrenzimmern II \u2013 SGM Gosheim\/Wehingen II 14:45 Uhr \u2013 C-Junioren, [&hellip;]<\/p>\n","protected":false},"author":1,"featured_media":0,"parent":0,"menu_order":0,"comment_status":"closed","ping_status":"closed","template":"","meta":{"footnotes":""},"class_list":["post-610","page","type-page","status-publish","hentry"],"_links":{"self":[{"href":"https:\/\/svgosheim.de\/SVG-wp\/wp-json\/wp\/v2\/pages\/610","targetHints":{"allow":["GET"]}}],"collection":[{"href":"https:\/\/svgosheim.de\/SVG-wp\/wp-json\/wp\/v2\/pages"}],"about":[{"href":"https:\/\/svgosheim.de\/SVG-wp\/wp-json\/wp\/v2\/types\/page"}],"author":[{"embeddable":true,"href":"https:\/\/svgosheim.de\/SVG-wp\/wp-json\/wp\/v2\/users\/1"}],"replies":[{"embeddable":true,"href":"https:\/\/svgosheim.de\/SVG-wp\/wp-json\/wp\/v2\/comments?post=610"}],"version-history":[{"count":50,"href":"https:\/\/svgosheim.de\/SVG-wp\/wp-json\/wp\/v2\/pages\/610\/revisions"}],"predecessor-version":[{"id":942,"href":"https:\/\/svgosheim.de\/SVG-wp\/wp-json\/wp\/v2\/pages\/610\/revisions\/942"}],"wp:attachment":[{"href":"https:\/\/svgosheim.de\/SVG-wp\/wp-json\/wp\/v2\/media?parent=610"}],"curies":[{"name":"wp","href":"https:\/\/api.w.org\/{rel}","templated":true}]}}